{"id":11690,"date":"2024-05-13T13:43:09","date_gmt":"2024-05-13T11:43:09","guid":{"rendered":"https:\/\/baudissin.com\/?page_id=11690"},"modified":"2026-02-23T19:22:36","modified_gmt":"2026-02-23T18:22:36","slug":"kontakt","status":"publish","type":"page","link":"https:\/\/baudissin.com\/en\/kontakt\/","title":{"rendered":"Contact"},"content":{"rendered":"<div class=\"gb-container gb-container-d31920ba\"><\/div>\n\n\n<h1 class=\"gb-headline gb-headline-0b8e88d1 gb-headline-text\">Contact<\/h1>\n\n\n\n<div class=\"gb-element-8cbe2ce9\"><div class=\"gb-grid-wrapper gb-grid-wrapper-43775cdc kontakt-grid-reverse\">\n<div class=\"gb-grid-column gb-grid-column-43b02b95\"><div class=\"gb-container gb-container-43b02b95\">\n\n<h3 class=\"gb-headline gb-headline-0e548270 gb-headline-text\">Schreiben Sie uns<\/h3>\n\n\n\n<p>F\u00fcr Anfragen k\u00f6nnen Sie uns direkt \u00fcber das untenstehende Formular<br>oder per E-Mail an <a href=\"mailto:info@baudissin.com\"><em>info@baudissin.com<\/em><\/a> kontaktieren. Wir freuen uns auf Ihre Nachricht.<\/p>\n\n\n<div class='fluentform ff-inherit-theme-style fluentform_wrapper_4  ff_guten_block ff_guten_block-4'><form data-form_id=\"4\" id=\"fluentform_4\" class=\"frm-fluent-form fluent_form_4 ff-el-form-top ff_form_instance_4_1 ff-form-loading ffs_inherit_theme\" data-form_instance=\"ff_form_instance_4_1\" method=\"POST\" action=\"\" ><fieldset  style=\"border: none!important;margin: 0!important;padding: 0!important;background-color: transparent!important;box-shadow: none!important;outline: none!important; min-inline-size: 100%;\">\n                    <legend class=\"ff_screen_reader_title\" style=\"display: block; margin: 0!important;padding: 0!important;height: 0!important;text-indent: -999999px;width: 0!important;overflow:hidden;\">Contact<\/legend><input type='hidden' name='__fluent_form_embded_post_id' value='11690' \/><input type=\"hidden\" id=\"_fluentform_4_fluentformnonce\" name=\"_fluentform_4_fluentformnonce\" value=\"aed57ce829\" \/><input type=\"hidden\" name=\"_wp_http_referer\" value=\"\/en\/wp-json\/wp\/v2\/pages\/11690\" \/><div data-name=\"ff_cn_id_1\"  class='ff-t-container ff-column-container ff_columns_total_2'><div class='ff-t-cell ff-t-column-1' style='flex-basis: 50%;'><div class='ff-el-group'><div class=\"ff-el-input--label ff-el-is-required asterisk-right\"><label for='ff_4_email' id='label_ff_4_email' aria-label=\"E-Mail:\">E-Mail:<\/label><\/div><div class='ff-el-input--content'><input type=\"email\" name=\"email\" id=\"ff_4_email\" class=\"ff-el-form-control\" data-name=\"email\"  aria-invalid=\"false\" aria-required=\"true\"><\/div><\/div><\/div><div class='ff-t-cell ff-t-column-2' style='flex-basis: 50%;'><div class='ff-el-group'><div class=\"ff-el-input--label asterisk-right\"><label for='ff_4_input_text_1' id='label_ff_4_input_text_1' aria-label=\"Name:\">Name:<\/label><\/div><div class='ff-el-input--content'><input type=\"text\" name=\"input_text_1\" class=\"ff-el-form-control\" data-name=\"input_text_1\" id=\"ff_4_input_text_1\"  aria-invalid=\"false\" aria-required=\"false\"><\/div><\/div><\/div><\/div><div class='ff-el-group'><div class=\"ff-el-input--label ff-el-is-required asterisk-right\"><label for='ff_4_input_text' id='label_ff_4_input_text' aria-label=\"Betreff:\">Betreff:<\/label><\/div><div class='ff-el-input--content'><input type=\"text\" name=\"input_text\" class=\"ff-el-form-control\" data-name=\"input_text\" id=\"ff_4_input_text\"  aria-invalid=\"false\" aria-required=\"true\"><\/div><\/div><div class='ff-el-group'><div class=\"ff-el-input--label ff-el-is-required asterisk-right\"><label for='ff_4_description' id='label_ff_4_description' aria-label=\"Nachricht:\">Nachricht:<\/label><\/div><div class='ff-el-input--content'><textarea aria-required=\"true\" aria-labelledby=\"label_ff_4_description\" name=\"description\" id=\"ff_4_description\" class=\"ff-el-form-control\" rows=\"3\" cols=\"2\" data-name=\"description\" ><\/textarea><\/div><\/div><div class='ff-el-group  ff-custom_html' tabindex='-1' data-name=\"custom_html-4_1\" ><p><small><b>Hinweis zum Datenschutz:<\/b> Wenn Sie dieses Formular absenden, werden Ihre Angaben aus dem Anfrageformular inklusive der von Ihnen dort angegebenen Kontaktdaten zwecks Bearbeitung der Anfrage und f\u00fcr den Fall von Anschlussfragen bei uns gespeichert. Diese Daten geben wir nicht ohne Ihre Einwilligung weiter. Weitere Informationen finden Sie in unserer <a href=\"\/en\/datenschutz\/\" target=\"_blank\" rel=\"noopener\">Privacy policy<\/a>.<\/small><\/p><\/div><div class='ff-el-group ff-text-left ff_submit_btn_wrapper'><button type=\"submit\" class=\"ff-btn ff-btn-submit ff-btn-md button ff_btn_no_style\"  aria-label=\"Senden\">Senden<\/button><\/div><\/fieldset><input type=\"hidden\" name=\"trp-form-language\" value=\"en\"\/><\/form><div id='fluentform_4_errors' class='ff-errors-in-stack ff_form_instance_4_1 ff-form-loading_errors ff_form_instance_4_1_errors'><\/div><\/div>            <script type=\"text\/javascript\">\n                window.fluent_form_ff_form_instance_4_1 = {\"id\":\"4\",\"settings\":{\"layout\":{\"labelPlacement\":\"top\",\"asteriskPlacement\":\"asterisk-right\",\"helpMessagePlacement\":\"with_label\",\"errorMessagePlacement\":\"inline\",\"cssClassName\":\"\"},\"restrictions\":{\"denyEmptySubmission\":{\"enabled\":false}}},\"form_instance\":\"ff_form_instance_4_1\",\"form_id_selector\":\"fluentform_4\",\"rules\":{\"email\":{\"required\":{\"value\":true,\"message\":\"This field is required\",\"global_message\":\"Dieses Feld ist erforderlich\",\"global\":true},\"email\":{\"value\":true,\"message\":\"This field must contain a valid email\",\"global_message\":\"Dieses Feld muss eine g\\u00fcltige E-Mail-Adresse enthalten\",\"global\":true}},\"input_text_1\":{\"required\":{\"value\":false,\"message\":\"This field is required\",\"global_message\":\"Dieses Feld ist erforderlich\",\"global\":true}},\"input_text\":{\"required\":{\"value\":true,\"message\":\"This field is required\",\"global_message\":\"Dieses Feld ist erforderlich\",\"global\":true}},\"description\":{\"required\":{\"value\":true,\"message\":\"This field is required\",\"global_message\":\"Dieses Feld ist erforderlich\",\"global\":true}}},\"debounce_time\":300};\n                            <\/script>\n            \n<\/div><\/div>\n\n<div class=\"gb-grid-column gb-grid-column-870fb824\"><div class=\"gb-container gb-container-870fb824\">\n\n<h3 class=\"gb-headline gb-headline-f1d9760e gb-headline-text\">Finden Sie uns <\/h3>\n\n\n<p style=\"font-style:normal;font-weight:700;\" class=\"wp-block-site-title\">Von Baudissin Studio<\/p>\n\n\n<p>Andreas von Baudissin<br>Grafisches B\u00fcro<br>Norderdamm 4<br>25746 Heide\/Holstein<br>Deutschland<\/p>\n\n\n\n<p>Telefon: +49 481 68371040<br>E-Mail:&nbsp;<a href=\"mailto:info@baudissin.com\"><em>info@baudissin.com<\/em><\/a><\/p>\n\n\n\n<p><strong>Gesch\u00e4ftszeiten<\/strong>:<br>Montag\u2013Freitag 9\u201317 Uhr<\/p>\n\n<\/div><\/div>\n<\/div><\/div>","protected":false},"excerpt":{"rendered":"<p>Contact<\/p>","protected":false},"author":1,"featured_media":0,"parent":0,"menu_order":0,"comment_status":"closed","ping_status":"closed","template":"","meta":{"_acf_changed":false,"footnotes":""},"class_list":{"0":"post-11690","1":"page","2":"type-page","3":"status-publish","5":"infinite-scroll-item","6":"no-featured-image-padding"},"acf":[],"_links":{"self":[{"href":"https:\/\/baudissin.com\/en\/wp-json\/wp\/v2\/pages\/11690","targetHints":{"allow":["GET"]}}],"collection":[{"href":"https:\/\/baudissin.com\/en\/wp-json\/wp\/v2\/pages"}],"about":[{"href":"https:\/\/baudissin.com\/en\/wp-json\/wp\/v2\/types\/page"}],"author":[{"embeddable":true,"href":"https:\/\/baudissin.com\/en\/wp-json\/wp\/v2\/users\/1"}],"replies":[{"embeddable":true,"href":"https:\/\/baudissin.com\/en\/wp-json\/wp\/v2\/comments?post=11690"}],"version-history":[{"count":40,"href":"https:\/\/baudissin.com\/en\/wp-json\/wp\/v2\/pages\/11690\/revisions"}],"predecessor-version":[{"id":15141,"href":"https:\/\/baudissin.com\/en\/wp-json\/wp\/v2\/pages\/11690\/revisions\/15141"}],"wp:attachment":[{"href":"https:\/\/baudissin.com\/en\/wp-json\/wp\/v2\/media?parent=11690"}],"curies":[{"name":"wp","href":"https:\/\/api.w.org\/{rel}","templated":true}]}}